{"id":2104,"date":"2021-03-23T09:33:48","date_gmt":"2021-03-23T09:33:48","guid":{"rendered":"http:\/\/localhost\/nuss\/?page_id=167"},"modified":"2025-12-25T07:13:53","modified_gmt":"2025-12-25T07:13:53","slug":"sobre-nos","status":"publish","type":"page","link":"https:\/\/villakaninde.com.br\/es\/sobre-nos\/","title":{"rendered":"Sobre a Kanind\u00e9"},"content":{"rendered":"<div data-elementor-type=\"wp-page\" data-elementor-id=\"2104\" class=\"elementor elementor-2104\" data-elementor-post-type=\"page\">\n\t\t\t\t\t\t<section class=\"elementor-section elementor-top-section elementor-element elementor-element-8f5bb9d elementor-section-boxed elementor-section-gap-beside-yes elementor-section-height-default elementor-section-height-default elementor-section-column-vertical-align-stretch\" data-id=\"8f5bb9d\" data-element_type=\"section\" data-e-type=\"section\">\n\t\t\t\t\t\t<div class=\"elementor-container elementor-column-gap-extended\">\n\t\t\t\t\t<div class=\"elementor-column elementor-col-100 elementor-top-column elementor-element elementor-element-7ec4215\" data-id=\"7ec4215\" data-element_type=\"column\" data-e-type=\"column\">\n\t\t\t<div class=\"elementor-widget-wrap elementor-element-populated\">\n\t\t\t\t\t\t<div class=\"elementor-element elementor-element-edd9d03 elementor-widget__width-initial elementor-invisible elementor-widget elementor-widget-text-editor\" data-id=\"edd9d03\" data-element_type=\"widget\" data-e-type=\"widget\" data-settings=\"{&quot;_animation&quot;:&quot;nussFadeInUp&quot;}\" data-widget_type=\"text-editor.default\">\n\t\t\t\t\t\t\t\t\t<p>Villa Kanind\u00e9 nasce do desejo de receber bem, com simplicidade, conforto e conex\u00e3o com a natureza de Bonito.<\/p>\t\t\t\t\t\t\t\t<\/div>\n\t\t\t\t\t<\/div>\n\t\t<\/div>\n\t\t\t\t\t<\/div>\n\t\t<\/section>\n\t\t\t\t<section class=\"elementor-section elementor-top-section elementor-element elementor-element-fcc2c5b elementor-section-boxed elementor-section-gap-beside-yes elementor-section-height-default elementor-section-height-default elementor-section-column-vertical-align-stretch\" data-id=\"fcc2c5b\" data-element_type=\"section\" data-e-type=\"section\">\n\t\t\t\t\t\t<div class=\"elementor-container elementor-column-gap-extended\">\n\t\t\t\t\t<div class=\"elementor-column elementor-col-100 elementor-top-column elementor-element elementor-element-2f7d653\" data-id=\"2f7d653\" data-element_type=\"column\" data-e-type=\"column\">\n\t\t\t<div class=\"elementor-widget-wrap elementor-element-populated\">\n\t\t\t\t\t\t<section class=\"elementor-section elementor-inner-section elementor-element elementor-element-6f6d8ba elementor-section-boxed elementor-section-gap-beside-yes elementor-section-height-default elementor-section-height-default elementor-section-column-vertical-align-stretch\" data-id=\"6f6d8ba\" data-element_type=\"section\" data-e-type=\"section\">\n\t\t\t\t\t\t<div class=\"elementor-container elementor-column-gap-extended\">\n\t\t\t\t\t<div class=\"elementor-column elementor-col-50 elementor-inner-column elementor-element elementor-element-0878be6\" data-id=\"0878be6\" data-element_type=\"column\" data-e-type=\"column\">\n\t\t\t<div class=\"elementor-widget-wrap elementor-element-populated\">\n\t\t\t\t\t\t<div class=\"elementor-element elementor-element-d77b752 elementor-invisible elementor-widget elementor-widget-nuss-heading\" data-id=\"d77b752\" data-element_type=\"widget\" data-e-type=\"widget\" data-settings=\"{&quot;_animation&quot;:&quot;nussFadeInUp&quot;}\" data-widget_type=\"nuss-heading.default\">\n\t\t\t\t<div class=\"elementor-widget-container\">\n\t\t\t\t\t\t\t<div class=\"nuss-modern-heading\">\r\n\t\t\t\r\n\t\t\t\t\t\t<div class=\"heading-primary-wrap\">\r\n\t\t\t\t<h4 class=\"heading-primary elementor-heading-title\">2024<\/h4>\t\t\t<\/div>\r\n\t\t\r\n\t\t\t\t\t\t<div class=\"heading-divider-wrap\">\r\n\t\t\t\t<div class=\"heading-divider\" style=\"left: 0px;top: 6px\"><\/div>\r\n\t\t\t<\/div>\r\n\t\r\n\t\t\t\t\t<\/div>\r\n\t\t\t\t\t<\/div>\n\t\t\t\t<\/div>\n\t\t\t\t<div class=\"elementor-element elementor-element-42014f7 elementor-invisible elementor-widget elementor-widget-heading\" data-id=\"42014f7\" data-element_type=\"widget\" data-e-type=\"widget\" data-settings=\"{&quot;_animation&quot;:&quot;nussFadeInUp&quot;}\" data-widget_type=\"heading.default\">\n\t\t\t\t\t<h3 class=\"elementor-heading-title elementor-size-default\">O come\u00e7o da Villa Kanind\u00e9<\/h3>\t\t\t\t<\/div>\n\t\t\t\t<div class=\"elementor-element elementor-element-2ba7908 elementor-invisible elementor-widget elementor-widget-text-editor\" data-id=\"2ba7908\" data-element_type=\"widget\" data-e-type=\"widget\" data-settings=\"{&quot;_animation&quot;:&quot;nussFadeInUp&quot;}\" data-widget_type=\"text-editor.default\">\n\t\t\t\t\t\t\t\t\t<p data-start=\"1338\" data-end=\"1593\">A Villa Kanind\u00e9 surgiu a partir de um projeto familiar, pensado com carinho em cada detalhe.<br data-start=\"1430\" data-end=\"1433\" \/>Desde a escolha da localiza\u00e7\u00e3o at\u00e9 a configura\u00e7\u00e3o das su\u00edtes e quartos, tudo foi planejado para unir conforto, funcionalidade e um clima leve de casa de f\u00e9rias.<\/p><p data-start=\"1595\" data-end=\"1720\">Aqui, voc\u00ea encontra op\u00e7\u00f5es para casais, fam\u00edlias e grupos, com acesso \u00e0 piscina, \u00e1reas comuns e estrutura ideal para relaxar.<\/p>\t\t\t\t\t\t\t\t<\/div>\n\t\t\t\t\t<\/div>\n\t\t<\/div>\n\t\t\t\t<div class=\"elementor-column elementor-col-50 elementor-inner-column elementor-element elementor-element-6f3f021\" data-id=\"6f3f021\" data-element_type=\"column\" data-e-type=\"column\">\n\t\t\t<div class=\"elementor-widget-wrap elementor-element-populated\">\n\t\t\t\t\t\t<div class=\"elementor-element elementor-element-63d8463 elementor-invisible nuss-elementor-loading nuss-slide-in-left elementor-widget elementor-widget-image\" data-id=\"63d8463\" data-element_type=\"widget\" data-e-type=\"widget\" data-settings=\"{&quot;_animation&quot;:&quot;nussSlideInLeft&quot;}\" data-widget_type=\"image.default\">\n\t\t\t\t\t\t\t\t\t\t\t\t\t\t\t<img fetchpriority=\"high\" decoding=\"async\" width=\"768\" height=\"768\" src=\"https:\/\/villakaninde.com.br\/wp-content\/uploads\/2021\/06\/Gemini_Generated_Image_subx51subx51subx.png\" class=\"attachment-full size-full wp-image-5857\" alt=\"\" srcset=\"https:\/\/villakaninde.com.br\/wp-content\/uploads\/2021\/06\/Gemini_Generated_Image_subx51subx51subx.png 768w, https:\/\/villakaninde.com.br\/wp-content\/uploads\/2021\/06\/Gemini_Generated_Image_subx51subx51subx-300x300.png 300w, https:\/\/villakaninde.com.br\/wp-content\/uploads\/2021\/06\/Gemini_Generated_Image_subx51subx51subx-150x150.png 150w, https:\/\/villakaninde.com.br\/wp-content\/uploads\/2021\/06\/Gemini_Generated_Image_subx51subx51subx-12x12.png 12w, https:\/\/villakaninde.com.br\/wp-content\/uploads\/2021\/06\/Gemini_Generated_Image_subx51subx51subx-600x600.png 600w, https:\/\/villakaninde.com.br\/wp-content\/uploads\/2021\/06\/Gemini_Generated_Image_subx51subx51subx-100x100.png 100w\" sizes=\"(max-width: 768px) 100vw, 768px\" \/>\t\t\t\t\t\t\t\t\t\t\t\t\t\t\t<\/div>\n\t\t\t\t\t<\/div>\n\t\t<\/div>\n\t\t\t\t\t<\/div>\n\t\t<\/section>\n\t\t\t\t<section class=\"elementor-section elementor-inner-section elementor-element elementor-element-0ad233f elementor-section-boxed elementor-section-gap-beside-yes elementor-section-height-default elementor-section-height-default elementor-section-column-vertical-align-stretch\" data-id=\"0ad233f\" data-element_type=\"section\" data-e-type=\"section\">\n\t\t\t\t\t\t<div class=\"elementor-container elementor-column-gap-extended\">\n\t\t\t\t\t<div class=\"elementor-column elementor-col-50 elementor-inner-column elementor-element elementor-element-2cde083\" data-id=\"2cde083\" data-element_type=\"column\" data-e-type=\"column\">\n\t\t\t<div class=\"elementor-widget-wrap elementor-element-populated\">\n\t\t\t\t\t\t<div class=\"elementor-element elementor-element-a24dd76 elementor-invisible nuss-elementor-loading nuss-slide-in-right elementor-widget elementor-widget-video\" data-id=\"a24dd76\" data-element_type=\"widget\" data-e-type=\"widget\" data-settings=\"{&quot;video_type&quot;:&quot;hosted&quot;,&quot;autoplay&quot;:&quot;yes&quot;,&quot;loop&quot;:&quot;yes&quot;,&quot;_animation&quot;:&quot;nussSlideInRight&quot;,&quot;play_on_mobile&quot;:&quot;yes&quot;}\" data-widget_type=\"video.default\">\n\t\t\t\t\t\t\t<div class=\"e-hosted-video elementor-wrapper elementor-open-inline\">\n\t\t\t\t\t<video class=\"elementor-video\" src=\"https:\/\/villakaninde.com.br\/wp-content\/uploads\/2025\/12\/VILLAKANINDEBONITO-2.png\" autoplay=\"\" loop=\"\" playsinline=\"\" controlslist=\"nodownload\" poster=\"https:\/\/villakaninde.com.br\/wp-content\/uploads\/2025\/12\/kanindebonito1.png\"><\/video>\n\t\t\t\t<\/div>\n\t\t\t\t\t\t<\/div>\n\t\t\t\t\t<\/div>\n\t\t<\/div>\n\t\t\t\t<div class=\"elementor-column elementor-col-50 elementor-inner-column elementor-element elementor-element-ccbc7cc\" data-id=\"ccbc7cc\" data-element_type=\"column\" data-e-type=\"column\">\n\t\t\t<div class=\"elementor-widget-wrap elementor-element-populated\">\n\t\t\t\t\t\t<div class=\"elementor-element elementor-element-a38a544 elementor-invisible elementor-widget elementor-widget-nuss-heading\" data-id=\"a38a544\" data-element_type=\"widget\" data-e-type=\"widget\" data-settings=\"{&quot;_animation&quot;:&quot;nussFadeInUp&quot;}\" data-widget_type=\"nuss-heading.default\">\n\t\t\t\t<div class=\"elementor-widget-container\">\n\t\t\t\t\t\t\t<div class=\"nuss-modern-heading\">\r\n\t\t\t\r\n\t\t\t\t\t\t<div class=\"heading-primary-wrap\">\r\n\t\t\t\t<h4 class=\"heading-primary elementor-heading-title\">2025<\/h4>\t\t\t<\/div>\r\n\t\t\r\n\t\t\t\t\t\t<div class=\"heading-divider-wrap\">\r\n\t\t\t\t<div class=\"heading-divider\" style=\"left: 0px;top: 6px\"><\/div>\r\n\t\t\t<\/div>\r\n\t\r\n\t\t\t\t\t<\/div>\r\n\t\t\t\t\t<\/div>\n\t\t\t\t<\/div>\n\t\t\t\t<div class=\"elementor-element elementor-element-377ec23 elementor-invisible elementor-widget elementor-widget-heading\" data-id=\"377ec23\" data-element_type=\"widget\" data-e-type=\"widget\" data-settings=\"{&quot;_animation&quot;:&quot;nussFadeInUp&quot;}\" data-widget_type=\"heading.default\">\n\t\t\t\t\t<h3 class=\"elementor-heading-title elementor-size-default\">Evolu\u00e7\u00e3o e prop\u00f3sito<\/h3>\t\t\t\t<\/div>\n\t\t\t\t<div class=\"elementor-element elementor-element-9956e21 elementor-invisible elementor-widget elementor-widget-text-editor\" data-id=\"9956e21\" data-element_type=\"widget\" data-e-type=\"widget\" data-settings=\"{&quot;_animation&quot;:&quot;nussFadeInUp&quot;}\" data-widget_type=\"text-editor.default\">\n\t\t\t\t\t\t\t\t\t<p data-start=\"1882\" data-end=\"2051\">Mesmo sendo uma nova hospedagem, a Villa Kanind\u00e9 j\u00e1 nasce com um prop\u00f3sito claro:<br data-start=\"1963\" data-end=\"1966\" \/>oferecer uma estadia honesta, bem cuidada e alinhada ao perfil de quem visita Bonito.<\/p><p data-start=\"2053\" data-end=\"2196\">Nosso compromisso \u00e9 evoluir constantemente, ouvindo nossos h\u00f3spedes e aprimorando a experi\u00eancia, sempre com atendimento pr\u00f3ximo e transparente.<\/p>\t\t\t\t\t\t\t\t<\/div>\n\t\t\t\t\t<\/div>\n\t\t<\/div>\n\t\t\t\t\t<\/div>\n\t\t<\/section>\n\t\t\t\t<section class=\"elementor-section elementor-inner-section elementor-element elementor-element-c127b44 elementor-section-boxed elementor-section-gap-beside-yes elementor-section-height-default elementor-section-height-default elementor-section-column-vertical-align-stretch\" data-id=\"c127b44\" data-element_type=\"section\" data-e-type=\"section\">\n\t\t\t\t\t\t<div class=\"elementor-container elementor-column-gap-extended\">\n\t\t\t\t\t<div class=\"elementor-column elementor-col-50 elementor-inner-column elementor-element elementor-element-e050279\" data-id=\"e050279\" data-element_type=\"column\" data-e-type=\"column\">\n\t\t\t<div class=\"elementor-widget-wrap elementor-element-populated\">\n\t\t\t\t\t\t<div class=\"elementor-element elementor-element-e3ece18 elementor-invisible elementor-widget elementor-widget-nuss-heading\" data-id=\"e3ece18\" data-element_type=\"widget\" data-e-type=\"widget\" data-settings=\"{&quot;_animation&quot;:&quot;nussFadeInUp&quot;}\" data-widget_type=\"nuss-heading.default\">\n\t\t\t\t<div class=\"elementor-widget-container\">\n\t\t\t\t\t\t\t<div class=\"nuss-modern-heading\">\r\n\t\t\t\r\n\t\t\t\t\t\t<div class=\"heading-primary-wrap\">\r\n\t\t\t\t<h4 class=\"heading-primary elementor-heading-title\">2026<\/h4>\t\t\t<\/div>\r\n\t\t\r\n\t\t\t\t\t\t<div class=\"heading-divider-wrap\">\r\n\t\t\t\t<div class=\"heading-divider\" style=\"left: 0px;top: 6px\"><\/div>\r\n\t\t\t<\/div>\r\n\t\r\n\t\t\t\t\t<\/div>\r\n\t\t\t\t\t<\/div>\n\t\t\t\t<\/div>\n\t\t\t\t<div class=\"elementor-element elementor-element-75973ee elementor-invisible elementor-widget elementor-widget-heading\" data-id=\"75973ee\" data-element_type=\"widget\" data-e-type=\"widget\" data-settings=\"{&quot;_animation&quot;:&quot;nussFadeInUp&quot;}\" data-widget_type=\"heading.default\">\n\t\t\t\t\t<h3 class=\"elementor-heading-title elementor-size-default\">Hoje e daqui para frente<\/h3>\t\t\t\t<\/div>\n\t\t\t\t<div class=\"elementor-element elementor-element-818ffa2 elementor-invisible elementor-widget elementor-widget-text-editor\" data-id=\"818ffa2\" data-element_type=\"widget\" data-e-type=\"widget\" data-settings=\"{&quot;_animation&quot;:&quot;nussFadeInUp&quot;}\" data-widget_type=\"text-editor.default\">\n\t\t\t\t\t\t\t\t\t<p data-start=\"2316\" data-end=\"2515\">A Villa Kanind\u00e9 est\u00e1 pronta para receber voc\u00ea.<br data-start=\"2362\" data-end=\"2365\" \/>Estamos iniciando nossa hist\u00f3ria com o mesmo cuidado que queremos manter no futuro:<br data-start=\"2448\" data-end=\"2451\" \/>ambiente familiar, respeito aos h\u00f3spedes e aten\u00e7\u00e3o aos detalhes.<\/p><p data-start=\"2517\" data-end=\"2675\">Seja para descansar, explorar Bonito ou reunir pessoas especiais, a Villa Kanind\u00e9 \u00e9 um ponto de apoio simples, confort\u00e1vel e bem localizado para a sua viagem.<\/p>\t\t\t\t\t\t\t\t<\/div>\n\t\t\t\t\t<\/div>\n\t\t<\/div>\n\t\t\t\t<div class=\"elementor-column elementor-col-50 elementor-inner-column elementor-element elementor-element-6cab6d3\" data-id=\"6cab6d3\" data-element_type=\"column\" data-e-type=\"column\">\n\t\t\t<div class=\"elementor-widget-wrap elementor-element-populated\">\n\t\t\t\t\t\t<div class=\"elementor-element elementor-element-dfe4128 bullets-v-align-bottom elementor-invisible nuss-elementor-loading nuss-slide-in-left elementor-widget elementor-widget-nuss-image-carousel\" data-id=\"dfe4128\" data-element_type=\"widget\" data-e-type=\"widget\" data-settings=\"{&quot;_animation&quot;:&quot;nussSlideInLeft&quot;}\" data-widget_type=\"nuss-image-carousel.default\">\n\t\t\t\t<div class=\"elementor-widget-container\">\n\t\t\t\t\t\r\n\t\t<div  class=\"nuss-swiper nuss-slider-widget pagination-style-01 bullets-horizontal bullets-h-align-center bullets-v-align-bottom\" data-lg-items=\"1\" data-lg-gutter=\"30\" data-pagination-aligned-by=\"slider\" data-pagination=\"1\" data-loop=\"1\" data-simulate-touch=\"1\" data-speed=\"1000\" data-effect=\"slide\">\r\n\t\t\t<div class=\"swiper-inner\">\r\n\r\n\t\t\t\t\r\n\t\t\t\t<div class=\"swiper-container swiper\">\r\n\t\t\t\t\t<div class=\"swiper-wrapper\">\r\n\t\t\t\t\t\t\t\t\t<div class=\"swiper-slide\">\r\n\t\t\t\t<div class=\"image\">\r\n\t\t\t\t\t<img decoding=\"async\"  src=\"https:\/\/villakaninde.com.br\/wp-content\/uploads\/2021\/06\/Gemini_Generated_Image_59qx1x59qx1x59qx.png\" alt=\"Gemini_Generated_Image_59qx1x59qx1x59qx\" \/>\t\t\t\t<\/div>\r\n\t\t\t<\/div>\r\n\t\t\t\t\t\t<div class=\"swiper-slide\">\r\n\t\t\t\t<div class=\"image\">\r\n\t\t\t\t\t<img decoding=\"async\"  src=\"https:\/\/villakaninde.com.br\/wp-content\/uploads\/2021\/06\/villakaninde5-1.png\" alt=\"villakaninde5 (1)\" \/>\t\t\t\t<\/div>\r\n\t\t\t<\/div>\r\n\t\t\t\t\t\t<div class=\"swiper-slide\">\r\n\t\t\t\t<div class=\"image\">\r\n\t\t\t\t\t<img decoding=\"async\"  src=\"https:\/\/villakaninde.com.br\/wp-content\/uploads\/2021\/06\/Gemini_Generated_Image_lzo7yylzo7yylzo7.png\" alt=\"Gemini_Generated_Image_lzo7yylzo7yylzo7\" \/>\t\t\t\t<\/div>\r\n\t\t\t<\/div>\r\n\t\t\t\t\t\t<div class=\"swiper-slide\">\r\n\t\t\t\t<div class=\"image\">\r\n\t\t\t\t\t<img decoding=\"async\"  src=\"https:\/\/villakaninde.com.br\/wp-content\/uploads\/2021\/06\/Gemini_Generated_Image_subx51subx51subx.png\" alt=\"Gemini_Generated_Image_subx51subx51subx\" \/>\t\t\t\t<\/div>\r\n\t\t\t<\/div>\r\n\t\t\t\t\t\t\t\t<\/div>\r\n\t\t\t\t<\/div>\r\n\r\n\t\t\t\t\r\n\t\t\t<\/div>\r\n\t\t<\/div>\r\n\t\t\t\t\t\t<\/div>\n\t\t\t\t<\/div>\n\t\t\t\t\t<\/div>\n\t\t<\/div>\n\t\t\t\t\t<\/div>\n\t\t<\/section>\n\t\t\t\t\t<\/div>\n\t\t<\/div>\n\t\t\t\t\t<\/div>\n\t\t<\/section>\n\t\t\t\t<\/div>","protected":false},"excerpt":{"rendered":"<p>Villa Kanind\u00e9 nasce do desejo de receber bem, com simplicidade, conforto e conex\u00e3o com a natureza de Bonito. 2024 O come\u00e7o da Villa Kanind\u00e9 A Villa Kanind\u00e9 surgiu a partir de um projeto familiar, pensado com carinho em cada detalhe.Desde a escolha da localiza\u00e7\u00e3o at\u00e9 a configura\u00e7\u00e3o das su\u00edtes e quartos, tudo foi planejado para [&hellip;]<\/p>\n","protected":false},"author":1,"featured_media":0,"parent":0,"menu_order":0,"comment_status":"closed","ping_status":"closed","template":"elementor_header_footer","meta":{"footnotes":""},"class_list":["post-2104","page","type-page","status-publish","hentry","post-no-thumbnail"],"_hostinger_reach_plugin_has_subscription_block":false,"_hostinger_reach_plugin_is_elementor":false,"_links":{"self":[{"href":"https:\/\/villakaninde.com.br\/es\/wp-json\/wp\/v2\/pages\/2104","targetHints":{"allow":["GET"]}}],"collection":[{"href":"https:\/\/villakaninde.com.br\/es\/wp-json\/wp\/v2\/pages"}],"about":[{"href":"https:\/\/villakaninde.com.br\/es\/wp-json\/wp\/v2\/types\/page"}],"author":[{"embeddable":true,"href":"https:\/\/villakaninde.com.br\/es\/wp-json\/wp\/v2\/users\/1"}],"replies":[{"embeddable":true,"href":"https:\/\/villakaninde.com.br\/es\/wp-json\/wp\/v2\/comments?post=2104"}],"version-history":[{"count":18,"href":"https:\/\/villakaninde.com.br\/es\/wp-json\/wp\/v2\/pages\/2104\/revisions"}],"predecessor-version":[{"id":5974,"href":"https:\/\/villakaninde.com.br\/es\/wp-json\/wp\/v2\/pages\/2104\/revisions\/5974"}],"wp:attachment":[{"href":"https:\/\/villakaninde.com.br\/es\/wp-json\/wp\/v2\/media?parent=2104"}],"curies":[{"name":"wp","href":"https:\/\/api.w.org\/{rel}","templated":true}]}}